{"id":1008,"date":"2024-10-29T10:06:06","date_gmt":"2024-10-29T10:06:06","guid":{"rendered":"https:\/\/www.iecionline.com\/?page_id=1008"},"modified":"2025-03-10T07:14:22","modified_gmt":"2025-03-10T07:14:22","slug":"raffreddamenti-ramificati","status":"publish","type":"page","link":"https:\/\/www.iecionline.com\/it\/raffreddamenti-ramificati\/","title":{"rendered":"Raffreddamenti Ramificati"},"content":{"rendered":"<p>[et_pb_section fb_built=&#8221;1&#8243; _builder_version=&#8221;4.27.4&#8243; _module_preset=&#8221;default&#8221; background_image=&#8221;https:\/\/www.iecionline.com\/wp-content\/uploads\/2024\/11\/ieci-prodotti-testata_11.jpg&#8221; custom_padding=&#8221;30px||30px||true|false&#8221; global_colors_info=&#8221;{}&#8221;][et_pb_row _builder_version=&#8221;4.24.2&#8243; _module_preset=&#8221;default&#8221; global_colors_info=&#8221;{}&#8221;][et_pb_column type=&#8221;4_4&#8243; _builder_version=&#8221;4.24.2&#8243; _module_preset=&#8221;default&#8221; global_colors_info=&#8221;{}&#8221;][et_pb_text _builder_version=&#8221;4.27.3&#8243; _module_preset=&#8221;default&#8221; header_3_text_align=&#8221;center&#8221; header_3_text_color=&#8221;#FFFFFF&#8221; custom_margin=&#8221;||0px||false|false&#8221; custom_padding=&#8221;||||false|false&#8221; global_colors_info=&#8221;{}&#8221;]<\/p>\n<h3>Termoregolazione modulare fino a 96 canali<\/h3>\n<p>[\/et_pb_text][et_pb_text _builder_version=&#8221;4.27.4&#8243; _module_preset=&#8221;default&#8221; text_text_color=&#8221;#FFFFFF&#8221; link_text_align=&#8221;center&#8221; link_text_color=&#8221;#FFFFFF&#8221; text_orientation=&#8221;center&#8221; hover_enabled=&#8221;0&#8243; global_colors_info=&#8221;{}&#8221; sticky_enabled=&#8221;0&#8243;]<a href=\"#\">home<\/a> &gt; <a href=\"\/it\/prodotti\/\">prodotti<\/a> &gt; raffreddamenti ramificati[\/et_pb_text][\/et_pb_column][\/et_pb_row][\/et_pb_section][et_pb_section fb_built=&#8221;1&#8243; _builder_version=&#8221;4.24.2&#8243; _module_preset=&#8221;default&#8221; global_colors_info=&#8221;{}&#8221;][et_pb_row column_structure=&#8221;2_3,1_3&#8243; use_custom_gutter=&#8221;on&#8221; gutter_width=&#8221;2&#8243; make_equal=&#8221;on&#8221; _builder_version=&#8221;4.24.2&#8243; _module_preset=&#8221;default&#8221; locked=&#8221;off&#8221; global_colors_info=&#8221;{}&#8221;][et_pb_column type=&#8221;2_3&#8243; _builder_version=&#8221;4.24.2&#8243; _module_preset=&#8221;default&#8221; custom_padding=&#8221;|80px|||false|false&#8221; custom_padding_tablet=&#8221;|0px|||false|false&#8221; custom_padding_phone=&#8221;|0px|||false|false&#8221; custom_padding_last_edited=&#8221;on|tablet&#8221; global_colors_info=&#8221;{}&#8221;][et_pb_text _builder_version=&#8221;4.24.2&#8243; _module_preset=&#8221;default&#8221; custom_margin=&#8221;||10px|||&#8221; locked=&#8221;off&#8221; global_colors_info=&#8221;{}&#8221;]<\/p>\n<h3>Prodotti<\/h3>\n<p>[\/et_pb_text][et_pb_text _builder_version=&#8221;4.25.0&#8243; _module_preset=&#8221;default&#8221; animation_style=&#8221;slide&#8221; animation_direction=&#8221;bottom&#8221; global_colors_info=&#8221;{}&#8221;]<\/p>\n<h1>Raffreddamenti ramificati<\/h1>\n<p>[\/et_pb_text][et_pb_text admin_label=&#8221;Testo&#8221; _builder_version=&#8221;4.27.4&#8243; _module_preset=&#8221;default&#8221; locked=&#8221;off&#8221; global_colors_info=&#8221;{}&#8221;]<\/p>\n<p><strong>IECI PIONEER<br \/><span>DISTRIBUTORI DI FLUSSO AD IMPULSI O PROPORZIONALI<\/span><br \/><\/strong><\/p>\n<p><span>Pioneer di IECI \u00e8 un innovativo sistema per controllare differenti canali indipendentemente. In combinazione con una centralina ad acqua pressurizzata o con sistemi per il raffreddamento degli stampi permette di differenziare la termoregolazione su ogni singolo canale. Il sistema misura la temperatura di ritorno dei canali e controlla il flusso attraverso l\u2019utilizzo di valvole pneumatiche o proporzionali. Il sistema Pioneer pu\u00f2 lavorare con acqua pressurizzata fino a 180\u00b0C ed \u00e8 un sistema modulare con 4, 5, 6, 8, 10, 12 o pi\u00f9 canali. L\u2019affiancamento di pi\u00f9 Pioneer pu\u00f2 portare fino ad un controllo di pi\u00f9 di 100 canali interamente gestiti da un unico pannello di gestione.<\/span><\/p>\n<p>[\/et_pb_text][et_pb_text admin_label=&#8221;Testo&#8221; _builder_version=&#8221;4.27.4&#8243; _module_preset=&#8221;default&#8221; locked=&#8221;off&#8221; global_colors_info=&#8221;{}&#8221;]<\/p>\n<p><strong>Dettagli<\/strong><\/p>\n<p>S<span>equenziatore ad impulsi con temprizzazione su valvole pneumatiche per acqua fino 180\u00b0C<\/span><br \/><span>Flusso contiuno tramite modulazione proporzionale fino a 160\u00b0C<\/span><br \/><span>Numero di canali personalizzabile per ogni distributore<\/span><br \/>Differenziazione di flussi e temperature su ogni canale<\/p>\n<p>[\/et_pb_text][et_pb_button button_url=&#8221;\/wp-content\/uploads\/2024\/05\/ITA-new-Pioneer-3_new_web.pdf&#8221; url_new_window=&#8221;on&#8221; button_text=&#8221;Scarica la scheda tecnica&#8221; _builder_version=&#8221;4.25.0&#8243; _module_preset=&#8221;default&#8221; custom_button=&#8221;on&#8221; button_bg_color=&#8221;#E1ECF9&#8243; button_icon=&#8221;&#xe092;||divi||400&#8243; button_icon_placement=&#8221;left&#8221; custom_margin=&#8221;||10px||false|false&#8221; custom_padding=&#8221;10px||10px|40px|true|false&#8221; custom_css_main_element=&#8221;min-width:60vh&#8221; locked=&#8221;off&#8221; global_colors_info=&#8221;{}&#8221; custom_padding__hover_enabled=&#8221;off|desktop&#8221; custom_padding__hover=&#8221;|||40px|false|false&#8221; custom_css_main_element_last_edited=&#8221;on|desktop&#8221; custom_css_main_element_tablet=&#8221;min-width:50vh&#8221; custom_css_main_element_phone=&#8221;min-width:25vh&#8221;][\/et_pb_button][et_pb_button button_url=&#8221;#form&#8221; button_text=&#8221;Maggiori informazioni&#8221; _builder_version=&#8221;4.25.0&#8243; _module_preset=&#8221;default&#8221; custom_button=&#8221;on&#8221; button_text_color=&#8221;#FFFFFF&#8221; button_bg_color=&#8221;#054F98&#8243; button_icon=&#8221;&#x70;||divi||400&#8243; button_icon_color=&#8221;#FFFFFF&#8221; button_icon_placement=&#8221;left&#8221; custom_margin=&#8221;||||false|false&#8221; custom_padding=&#8221;10px||10px|40px|true|false&#8221; custom_css_main_element=&#8221;min-width:60vh&#8221; locked=&#8221;off&#8221; global_colors_info=&#8221;{}&#8221; custom_padding__hover_enabled=&#8221;off|desktop&#8221; custom_padding__hover=&#8221;|||40px|false|false&#8221; custom_css_main_element_last_edited=&#8221;on|phone&#8221; custom_css_main_element_tablet=&#8221;min-width:50vh&#8221; custom_css_main_element_phone=&#8221;min-width:25vh&#8221;][\/et_pb_button][\/et_pb_column][et_pb_column type=&#8221;1_3&#8243; _builder_version=&#8221;4.24.2&#8243; _module_preset=&#8221;default&#8221; global_colors_info=&#8221;{}&#8221;][et_pb_image src=&#8221;https:\/\/www.iecionline.com\/wp-content\/uploads\/2024\/12\/ieci-raffreddamenti-ramificati.jpg&#8221; alt=&#8221;IECI SRL | Sistema di termoregolazione ad acqua pressurizzata&#8221; title_text=&#8221;IECI SRL | Sistema di termoregolazione ad acqua pressurizzata&#8221; show_in_lightbox=&#8221;on&#8221; align=&#8221;center&#8221; force_fullwidth=&#8221;on&#8221; _builder_version=&#8221;4.27.4&#8243; _module_preset=&#8221;default&#8221; animation_style=&#8221;slide&#8221; animation_direction=&#8221;right&#8221; locked=&#8221;off&#8221; global_colors_info=&#8221;{}&#8221;][\/et_pb_image][et_pb_image src=&#8221;https:\/\/www.iecionline.com\/wp-content\/uploads\/2024\/12\/ieci-moltiplicatori-di-flusso.jpg&#8221; alt=&#8221;IECI SRL | Sistema di termoregolazione ad acqua pressurizzata&#8221; title_text=&#8221;IECI SRL | Sistema di termoregolazione ad acqua pressurizzata&#8221; show_in_lightbox=&#8221;on&#8221; align=&#8221;center&#8221; force_fullwidth=&#8221;on&#8221; _builder_version=&#8221;4.27.4&#8243; _module_preset=&#8221;default&#8221; animation_style=&#8221;slide&#8221; animation_direction=&#8221;right&#8221; locked=&#8221;off&#8221; global_colors_info=&#8221;{}&#8221;][\/et_pb_image][\/et_pb_column][\/et_pb_row][\/et_pb_section][et_pb_section fb_built=&#8221;1&#8243; _builder_version=&#8221;4.24.2&#8243; _module_preset=&#8221;default&#8221; global_colors_info=&#8221;{}&#8221;][et_pb_row use_custom_gutter=&#8221;on&#8221; gutter_width=&#8221;2&#8243; make_equal=&#8221;on&#8221; _builder_version=&#8221;4.24.2&#8243; _module_preset=&#8221;default&#8221; background_image=&#8221;https:\/\/www.iecionline.com\/wp-content\/uploads\/2024\/03\/ieci-banner-focus-tecnici.jpg&#8221; background_color_tablet=&#8221;#082B56&#8243; background_last_edited=&#8221;on|desktop&#8221; background_enable_color_tablet=&#8221;on&#8221; use_background_color_gradient_tablet=&#8221;on&#8221; background_color_gradient_stops_tablet=&#8221;#082b56 0%|rgba(255,255,255,0) 99%&#8221; background_size_tablet=&#8221;contain&#8221; background_position_tablet=&#8221;top_left&#8221; global_module=&#8221;144&#8243; saved_tabs=&#8221;all&#8221; locked=&#8221;off&#8221; global_colors_info=&#8221;{}&#8221;][et_pb_column type=&#8221;4_4&#8243; _builder_version=&#8221;4.24.2&#8243; _module_preset=&#8221;default&#8221; background_enable_image=&#8221;off&#8221; custom_padding=&#8221;40px|600px|40px|40px|true|false&#8221; custom_padding_tablet=&#8221;150px|40px|||false|false&#8221; custom_padding_phone=&#8221;50px||||false|false&#8221; custom_padding_last_edited=&#8221;on|phone&#8221; global_colors_info=&#8221;{}&#8221;][et_pb_image src=&#8221;https:\/\/www.iecionline.com\/wp-content\/uploads\/2024\/03\/ieci-icona-focus-tecnici.png&#8221; alt=&#8221;Focus Tecnici&#8221; title_text=&#8221;Focus Tecnici&#8221; _builder_version=&#8221;4.24.2&#8243; _module_preset=&#8221;default&#8221; global_colors_info=&#8221;{}&#8221;][\/et_pb_image][et_pb_text _builder_version=&#8221;4.24.2&#8243; _module_preset=&#8221;default&#8221; text_text_color=&#8221;#FFFFFF&#8221; header_2_text_color=&#8221;#FFFFFF&#8221; header_4_text_color=&#8221;#FFFFFF&#8221; global_colors_info=&#8221;{}&#8221;]<\/p>\n<h4>Focus Tecnici<\/h4>\n<div class=\"group\/conversation-turn relative flex w-full min-w-0 flex-col agent-turn\">\n<div class=\"flex-col gap-1 md:gap-3\">\n<div class=\"flex max-w-full flex-col flex-grow\">\n<div data-message-author-role=\"assistant\" data-message-id=\"383cb1b7-3680-4678-8008-c2794603ae60\" dir=\"auto\" class=\"min-h-8 text-message flex w-full flex-col items-end gap-2 whitespace-normal break-words text-start [.text-message+&amp;]:mt-5\" data-message-model-slug=\"gpt-4o\">\n<div class=\"flex w-full flex-col gap-1 empty:hidden first:pt-[3px]\">\n<div class=\"markdown prose w-full break-words dark:prose-invert light\">\n<p>Scopri i Focus tecnici di IECI: competenza, innovazione e soluzioni su misura per la Termoregolazione. Affidati ai nostri specialisti per il tuo successo.<\/p>\n<\/div>\n<\/div>\n<\/div>\n<\/div>\n<\/div>\n<\/div>\n<p>[\/et_pb_text][et_pb_button button_url=&#8221;@ET-DC@eyJkeW5hbWljIjp0cnVlLCJjb250ZW50IjoicG9zdF9saW5rX3VybF9wYWdlIiwic2V0dGluZ3MiOnsicG9zdF9pZCI6IjI1NSJ9fQ==@&#8221; button_text=&#8221;Leggi i Focus Tecnici&#8221; _builder_version=&#8221;4.24.2&#8243; _dynamic_attributes=&#8221;button_url&#8221; _module_preset=&#8221;default&#8221; custom_button=&#8221;on&#8221; button_text_color=&#8221;#3FA2DB&#8221; button_icon_color=&#8221;#3FA2DB&#8221; locked=&#8221;off&#8221; global_colors_info=&#8221;{}&#8221; custom_padding__hover_enabled=&#8221;on|hover&#8221;][\/et_pb_button][\/et_pb_column][\/et_pb_row][et_pb_row use_custom_gutter=&#8221;on&#8221; gutter_width=&#8221;2&#8243; make_equal=&#8221;on&#8221; _builder_version=&#8221;4.24.0&#8243; _module_preset=&#8221;default&#8221; background_image=&#8221;https:\/\/www.iecionline.com\/wp-content\/uploads\/2024\/03\/ieci-banner-overview-prodotti.jpg&#8221; custom_margin=&#8221;20px||||false|false&#8221; custom_padding=&#8221;||||false|false&#8221; background_color_tablet=&#8221;#082B56&#8243; background_last_edited=&#8221;on|tablet&#8221; background_enable_color_tablet=&#8221;on&#8221; use_background_color_gradient_tablet=&#8221;on&#8221; background_color_gradient_stops_tablet=&#8221;#082b56 0%|rgba(255,255,255,0) 99%&#8221; background_size_tablet=&#8221;contain&#8221; background_position_tablet=&#8221;top_left&#8221; global_module=&#8221;266&#8243; saved_tabs=&#8221;all&#8221; locked=&#8221;off&#8221; global_colors_info=&#8221;{}&#8221;][et_pb_column type=&#8221;4_4&#8243; _builder_version=&#8221;4.24.2&#8243; _module_preset=&#8221;default&#8221; background_enable_image=&#8221;off&#8221; custom_padding=&#8221;40px|600px|40px|40px|true|false&#8221; custom_padding_tablet=&#8221;150px|40px|||false|false&#8221; custom_padding_phone=&#8221;50px||||false|false&#8221; custom_padding_last_edited=&#8221;on|phone&#8221; global_colors_info=&#8221;{}&#8221;][et_pb_text _builder_version=&#8221;4.24.2&#8243; _module_preset=&#8221;default&#8221; text_text_color=&#8221;#FFFFFF&#8221; header_2_text_color=&#8221;#FFFFFF&#8221; header_4_text_color=&#8221;#FFFFFF&#8221; custom_margin=&#8221;65px|||||&#8221; global_colors_info=&#8221;{}&#8221;]<\/p>\n<h4>Servizi<\/h4>\n<p><span>IECI offre ai suoi clienti un\u2019ampia gamma di servizi sui prodotti e sui suoi sistemi di termoregolazione. Dalla manutenzione alla formazione siamo accanto al cliente in tutte le fasi di sviluppo del progetto.<\/span><\/p>\n<p>[\/et_pb_text][et_pb_button button_url=&#8221;@ET-DC@eyJkeW5hbWljIjp0cnVlLCJjb250ZW50IjoicG9zdF9saW5rX3VybF9wYWdlIiwic2V0dGluZ3MiOnsicG9zdF9pZCI6IjExNiJ9fQ==@&#8221; button_text=&#8221;Scopri tutti i servizi IECI &#8221; _builder_version=&#8221;4.24.2&#8243; _dynamic_attributes=&#8221;button_url&#8221; _module_preset=&#8221;default&#8221; custom_button=&#8221;on&#8221; button_text_color=&#8221;#3FA2DB&#8221; button_icon_color=&#8221;#3FA2DB&#8221; locked=&#8221;off&#8221; global_colors_info=&#8221;{}&#8221; custom_padding__hover_enabled=&#8221;on|hover&#8221;][\/et_pb_button][\/et_pb_column][\/et_pb_row][\/et_pb_section][et_pb_section fb_built=&#8221;1&#8243; module_id=&#8221;form&#8221; _builder_version=&#8221;4.24.2&#8243; _module_preset=&#8221;default&#8221; background_image=&#8221;https:\/\/www.iecionline.com\/wp-content\/uploads\/2024\/03\/ieci-banner-form-scaled.jpg&#8221; parallax=&#8221;on&#8221; custom_margin=&#8221;||20px||false|false&#8221; custom_padding=&#8221;||||false|false&#8221; global_module=&#8221;181&#8243; saved_tabs=&#8221;all&#8221; global_colors_info=&#8221;{}&#8221;][et_pb_row _builder_version=&#8221;4.24.2&#8243; _module_preset=&#8221;default&#8221; global_colors_info=&#8221;{}&#8221;][et_pb_column type=&#8221;4_4&#8243; _builder_version=&#8221;4.24.2&#8243; _module_preset=&#8221;default&#8221; global_colors_info=&#8221;{}&#8221;][et_pb_text _builder_version=&#8221;4.24.2&#8243; _module_preset=&#8221;default&#8221; text_text_color=&#8221;#FFFFFF&#8221; header_2_text_color=&#8221;#FFFFFF&#8221; header_4_text_color=&#8221;#FFFFFF&#8221; text_orientation=&#8221;center&#8221; locked=&#8221;off&#8221; global_colors_info=&#8221;{}&#8221;]<\/p>\n<h4>Maggiori informazioni<\/h4>\n<p>IECI \u00e8 presente in pi\u00f9 di\u00a0 20 paesi nel mondo. <br \/>Manda la tua richiesta e sarai ricontattato dal punto vendita pi\u00f9 vicino a te!<\/p>\n<p>[\/et_pb_text][dvppl_cf7_styler form_padding=&#8221;|0px|0px|0px|false|false&#8221; button_alignment=&#8221;center&#8221; cf7=&#8221;4&#8243; form_field_padding=&#8221;15px|25px|15px|25px|true|true&#8221; form_background_color=&#8221;#FFFFFF&#8221; form_field_active_color=&#8221;#FFFFFF&#8221; cr_custom_styles=&#8221;on&#8221; cr_background_color=&#8221;#FFFFFF&#8221; cr_selected_color=&#8221;#054F98&#8243; cr_border_color=&#8221;RGBA(255,255,255,0)&#8221; cf7_message_alignment=&#8221;center&#8221; cf7_message_color=&#8221;#FFFFFF&#8221; cf7_message_bg_color=&#8221;RGBA(255,255,255,0)&#8221; cf7_border_highlight_color=&#8221;#3FA2DB&#8221; cf7_success_message_color=&#8221;#FFFFFF&#8221; cf7_success_message_bg_color=&#8221;RGBA(255,255,255,0)&#8221; cf7_success_border_color=&#8221;#3FA2DB&#8221; cf7_error_message_color=&#8221;#FFFFFF&#8221; cf7_error_message_bg_color=&#8221;RGBA(255,255,255,0)&#8221; cf7_error_border_color=&#8221;#CD1719&#8243; _builder_version=&#8221;4.24.2&#8243; _module_preset=&#8221;default&#8221; labels_text_color=&#8221;#FFFFFF&#8221; custom_submit_button=&#8221;on&#8221; submit_button_text_color=&#8221;#FFFFFF&#8221; submit_button_bg_color=&#8221;RGBA(255,255,255,0)&#8221; submit_button_border_width=&#8221;1px&#8221; submit_button_border_color=&#8221;#FFFFFF&#8221; submit_button_border_radius=&#8221;40px&#8221; submit_button_custom_margin=&#8221;30px||||false|false&#8221; submit_button_custom_padding=&#8221;|40px||40px|false|true&#8221; border_radii_field=&#8221;on|15px|15px|15px|15px&#8221; border_color_all_field=&#8221;RGBA(255,255,255,0)&#8221; global_colors_info=&#8221;{}&#8221;][\/dvppl_cf7_styler][\/et_pb_column][\/et_pb_row][\/et_pb_section]<\/p>\n","protected":false},"excerpt":{"rendered":"<p>Termoregolazione modulare fino a 96 canalihome &gt; prodotti &gt; raffreddamenti ramificatiProdottiRaffreddamenti ramificatiIECI PIONEERDISTRIBUTORI DI FLUSSO AD IMPULSI O PROPORZIONALI Pioneer di IECI \u00e8 un innovativo sistema per controllare differenti canali indipendentemente. In combinazione con una centralina ad acqua pressurizzata o con sistemi per il raffreddamento degli stampi permette di differenziare la termoregolazione su ogni singolo canale. Il sistema misura la temperatura di ritorno dei canali e controlla il flusso attraverso l\u2019utilizzo di valvole pneumatiche o proporzionali. Il sistema Pioneer pu\u00f2 lavorare con acqua pressurizzata fino a 180\u00b0C ed \u00e8 un sistema modulare con 4, 5, 6, 8, 10, 12 o pi\u00f9 canali. L\u2019affiancamento di pi\u00f9 Pioneer pu\u00f2 portare fino ad un controllo di pi\u00f9 di 100 canali interamente gestiti da un unico pannello di gestione.Dettagli Sequenziatore ad impulsi con temprizzazione su valvole pneumatiche per acqua fino 180\u00b0CFlusso contiuno tramite modulazione proporzionale fino a 160\u00b0CNumero di canali personalizzabile per ogni distributoreDifferenziazione di flussi e temperature su ogni canaleFocus Tecnici Scopri i Focus tecnici di IECI: competenza, innovazione e soluzioni su misura per la Termoregolazione. Affidati ai nostri specialisti per il tuo successo. Servizi IECI offre ai suoi clienti un\u2019ampia gamma di servizi sui prodotti e sui suoi sistemi di termoregolazione. Dalla [&hellip;]<\/p>\n","protected":false},"author":6,"featured_media":0,"parent":0,"menu_order":0,"comment_status":"closed","ping_status":"closed","template":"","meta":{"_acf_changed":false,"_et_pb_use_builder":"on","_et_pb_old_content":"","_et_gb_content_width":"","footnotes":""},"class_list":["post-1008","page","type-page","status-publish","hentry"],"acf":[],"yoast_head":"<!-- This site is optimized with the Yoast SEO plugin v27.3 - https:\/\/yoast.com\/product\/yoast-seo-wordpress\/ -->\n<title>Raffreddamenti ramificati | IECI Srl<\/title>\n<meta name=\"description\" content=\"Soluzioni avanzate di raffreddamento ramificato per pressofusione: efficienza, qualit\u00e0 e durata prolungata degli stampi. Visita il Sito.\" \/>\n<meta name=\"robots\" content=\"index, follow, max-snippet:-1, max-image-preview:large, max-video-preview:-1\" \/>\n<link rel=\"canonical\" href=\"https:\/\/www.iecionline.com\/it\/raffreddamenti-ramificati\/\" \/>\n<meta property=\"og:locale\" content=\"it_IT\" \/>\n<meta property=\"og:type\" content=\"article\" \/>\n<meta property=\"og:title\" content=\"Raffreddamenti ramificati | IECI Srl\" \/>\n<meta property=\"og:description\" content=\"Soluzioni avanzate di raffreddamento ramificato per pressofusione: efficienza, qualit\u00e0 e durata prolungata degli stampi. Visita il Sito.\" \/>\n<meta property=\"og:url\" content=\"https:\/\/www.iecionline.com\/it\/raffreddamenti-ramificati\/\" \/>\n<meta property=\"og:site_name\" content=\"IECI SRL\" \/>\n<meta property=\"article:modified_time\" content=\"2025-03-10T07:14:22+00:00\" \/>\n<meta name=\"twitter:card\" content=\"summary_large_image\" \/>\n<meta name=\"twitter:label1\" content=\"Tempo di lettura stimato\" \/>\n\t<meta name=\"twitter:data1\" content=\"3 minuti\" \/>\n<script type=\"application\/ld+json\" class=\"yoast-schema-graph\">{\"@context\":\"https:\\\/\\\/schema.org\",\"@graph\":[{\"@type\":\"WebPage\",\"@id\":\"https:\\\/\\\/www.iecionline.com\\\/it\\\/raffreddamenti-ramificati\\\/\",\"url\":\"https:\\\/\\\/www.iecionline.com\\\/it\\\/raffreddamenti-ramificati\\\/\",\"name\":\"Raffreddamenti ramificati | IECI Srl\",\"isPartOf\":{\"@id\":\"https:\\\/\\\/www.iecionline.com\\\/it\\\/#website\"},\"datePublished\":\"2024-10-29T10:06:06+00:00\",\"dateModified\":\"2025-03-10T07:14:22+00:00\",\"description\":\"Soluzioni avanzate di raffreddamento ramificato per pressofusione: efficienza, qualit\u00e0 e durata prolungata degli stampi. Visita il Sito.\",\"breadcrumb\":{\"@id\":\"https:\\\/\\\/www.iecionline.com\\\/it\\\/raffreddamenti-ramificati\\\/#breadcrumb\"},\"inLanguage\":\"it-IT\",\"potentialAction\":[{\"@type\":\"ReadAction\",\"target\":[\"https:\\\/\\\/www.iecionline.com\\\/it\\\/raffreddamenti-ramificati\\\/\"]}]},{\"@type\":\"BreadcrumbList\",\"@id\":\"https:\\\/\\\/www.iecionline.com\\\/it\\\/raffreddamenti-ramificati\\\/#breadcrumb\",\"itemListElement\":[{\"@type\":\"ListItem\",\"position\":1,\"name\":\"Home\",\"item\":\"https:\\\/\\\/www.iecionline.com\\\/it\\\/\"},{\"@type\":\"ListItem\",\"position\":2,\"name\":\"Raffreddamenti Ramificati\"}]},{\"@type\":\"WebSite\",\"@id\":\"https:\\\/\\\/www.iecionline.com\\\/it\\\/#website\",\"url\":\"https:\\\/\\\/www.iecionline.com\\\/it\\\/\",\"name\":\"IECI SRL\",\"description\":\"Termoregolatori acqua \\\/ olio per stampi\",\"potentialAction\":[{\"@type\":\"SearchAction\",\"target\":{\"@type\":\"EntryPoint\",\"urlTemplate\":\"https:\\\/\\\/www.iecionline.com\\\/it\\\/?s={search_term_string}\"},\"query-input\":{\"@type\":\"PropertyValueSpecification\",\"valueRequired\":true,\"valueName\":\"search_term_string\"}}],\"inLanguage\":\"it-IT\"}]}<\/script>\n<!-- \/ Yoast SEO plugin. -->","yoast_head_json":{"title":"Raffreddamenti ramificati | IECI Srl","description":"Soluzioni avanzate di raffreddamento ramificato per pressofusione: efficienza, qualit\u00e0 e durata prolungata degli stampi. Visita il Sito.","robots":{"index":"index","follow":"follow","max-snippet":"max-snippet:-1","max-image-preview":"max-image-preview:large","max-video-preview":"max-video-preview:-1"},"canonical":"https:\/\/www.iecionline.com\/it\/raffreddamenti-ramificati\/","og_locale":"it_IT","og_type":"article","og_title":"Raffreddamenti ramificati | IECI Srl","og_description":"Soluzioni avanzate di raffreddamento ramificato per pressofusione: efficienza, qualit\u00e0 e durata prolungata degli stampi. Visita il Sito.","og_url":"https:\/\/www.iecionline.com\/it\/raffreddamenti-ramificati\/","og_site_name":"IECI SRL","article_modified_time":"2025-03-10T07:14:22+00:00","twitter_card":"summary_large_image","twitter_misc":{"Tempo di lettura stimato":"3 minuti"},"schema":{"@context":"https:\/\/schema.org","@graph":[{"@type":"WebPage","@id":"https:\/\/www.iecionline.com\/it\/raffreddamenti-ramificati\/","url":"https:\/\/www.iecionline.com\/it\/raffreddamenti-ramificati\/","name":"Raffreddamenti ramificati | IECI Srl","isPartOf":{"@id":"https:\/\/www.iecionline.com\/it\/#website"},"datePublished":"2024-10-29T10:06:06+00:00","dateModified":"2025-03-10T07:14:22+00:00","description":"Soluzioni avanzate di raffreddamento ramificato per pressofusione: efficienza, qualit\u00e0 e durata prolungata degli stampi. Visita il Sito.","breadcrumb":{"@id":"https:\/\/www.iecionline.com\/it\/raffreddamenti-ramificati\/#breadcrumb"},"inLanguage":"it-IT","potentialAction":[{"@type":"ReadAction","target":["https:\/\/www.iecionline.com\/it\/raffreddamenti-ramificati\/"]}]},{"@type":"BreadcrumbList","@id":"https:\/\/www.iecionline.com\/it\/raffreddamenti-ramificati\/#breadcrumb","itemListElement":[{"@type":"ListItem","position":1,"name":"Home","item":"https:\/\/www.iecionline.com\/it\/"},{"@type":"ListItem","position":2,"name":"Raffreddamenti Ramificati"}]},{"@type":"WebSite","@id":"https:\/\/www.iecionline.com\/it\/#website","url":"https:\/\/www.iecionline.com\/it\/","name":"IECI SRL","description":"Termoregolatori acqua \/ olio per stampi","potentialAction":[{"@type":"SearchAction","target":{"@type":"EntryPoint","urlTemplate":"https:\/\/www.iecionline.com\/it\/?s={search_term_string}"},"query-input":{"@type":"PropertyValueSpecification","valueRequired":true,"valueName":"search_term_string"}}],"inLanguage":"it-IT"}]}},"_links":{"self":[{"href":"https:\/\/www.iecionline.com\/it\/wp-json\/wp\/v2\/pages\/1008","targetHints":{"allow":["GET"]}}],"collection":[{"href":"https:\/\/www.iecionline.com\/it\/wp-json\/wp\/v2\/pages"}],"about":[{"href":"https:\/\/www.iecionline.com\/it\/wp-json\/wp\/v2\/types\/page"}],"author":[{"embeddable":true,"href":"https:\/\/www.iecionline.com\/it\/wp-json\/wp\/v2\/users\/6"}],"replies":[{"embeddable":true,"href":"https:\/\/www.iecionline.com\/it\/wp-json\/wp\/v2\/comments?post=1008"}],"version-history":[{"count":15,"href":"https:\/\/www.iecionline.com\/it\/wp-json\/wp\/v2\/pages\/1008\/revisions"}],"predecessor-version":[{"id":2666,"href":"https:\/\/www.iecionline.com\/it\/wp-json\/wp\/v2\/pages\/1008\/revisions\/2666"}],"wp:attachment":[{"href":"https:\/\/www.iecionline.com\/it\/wp-json\/wp\/v2\/media?parent=1008"}],"curies":[{"name":"wp","href":"https:\/\/api.w.org\/{rel}","templated":true}]}}