{"id":116,"date":"2024-03-28T10:11:20","date_gmt":"2024-03-28T10:11:20","guid":{"rendered":"https:\/\/www.iecionline.com\/?page_id=116"},"modified":"2025-11-28T13:54:14","modified_gmt":"2025-11-28T13:54:14","slug":"servizi","status":"publish","type":"page","link":"https:\/\/www.iecionline.com\/it\/servizi\/","title":{"rendered":"Servizi"},"content":{"rendered":"<p>[et_pb_section fb_built=&#8221;1&#8243; _builder_version=&#8221;4.24.2&#8243; _module_preset=&#8221;default&#8221; background_image=&#8221;https:\/\/www.iecionline.com\/wp-content\/uploads\/2024\/03\/ieci-servizi-testata.jpg&#8221; parallax=&#8221;on&#8221; global_colors_info=&#8221;{}&#8221;][et_pb_row _builder_version=&#8221;4.24.2&#8243; _module_preset=&#8221;default&#8221; width=&#8221;39%&#8221; width_tablet=&#8221;80%&#8221; width_phone=&#8221;80%&#8221; width_last_edited=&#8221;on|phone&#8221; global_colors_info=&#8221;{}&#8221;][et_pb_column type=&#8221;4_4&#8243; _builder_version=&#8221;4.24.2&#8243; _module_preset=&#8221;default&#8221; global_colors_info=&#8221;{}&#8221;][et_pb_text _builder_version=&#8221;4.27.0&#8243; _module_preset=&#8221;default&#8221; header_4_text_align=&#8221;center&#8221; header_4_text_color=&#8221;#FFFFFF&#8221; header_4_font_size_tablet=&#8221;30px&#8221; header_4_font_size_phone=&#8221;25px&#8221; global_colors_info=&#8221;{}&#8221;]<\/p>\n<h4>Grazie a pi\u00f9 di 50 anni di esperienza offriamo soluzioni su misura e studiamo insieme al cliente le migliori condizioni per ottimizzare il processo di produzione.<\/h4>\n<p>[\/et_pb_text][\/et_pb_column][\/et_pb_row][\/et_pb_section][et_pb_section fb_built=&#8221;1&#8243; _builder_version=&#8221;4.24.2&#8243; _module_preset=&#8221;default&#8221; global_colors_info=&#8221;{}&#8221;][et_pb_row custom_padding_last_edited=&#8221;on|phone&#8221; _builder_version=&#8221;4.24.2&#8243; _module_preset=&#8221;default&#8221; custom_margin=&#8221;||||false|false&#8221; custom_padding=&#8221;|300px|||false|false&#8221; custom_padding_tablet=&#8221;|0px|||false|false&#8221; custom_padding_phone=&#8221;|0px|||false|false&#8221; global_colors_info=&#8221;{}&#8221;][et_pb_column type=&#8221;4_4&#8243; _builder_version=&#8221;4.24.2&#8243; _module_preset=&#8221;default&#8221; custom_padding=&#8221;|80px|||false|false&#8221; custom_padding_tablet=&#8221;|0px|||false|false&#8221; custom_padding_phone=&#8221;|0px|||false|false&#8221; custom_padding_last_edited=&#8221;on|tablet&#8221; global_colors_info=&#8221;{}&#8221;][et_pb_text _builder_version=&#8221;4.24.2&#8243; _module_preset=&#8221;default&#8221; custom_margin=&#8221;||10px|||&#8221; global_colors_info=&#8221;{}&#8221;]<\/p>\n<h3>I nostri Servizi<\/h3>\n<p>[\/et_pb_text][et_pb_text _builder_version=&#8221;4.27.4&#8243; _module_preset=&#8221;default&#8221; animation_style=&#8221;slide&#8221; animation_direction=&#8221;bottom&#8221; global_colors_info=&#8221;{}&#8221;]<\/p>\n<h1>Il tuo partner nella Termoregolazione<\/h1>\n<p>[\/et_pb_text][et_pb_text _builder_version=&#8221;4.27.4&#8243; _module_preset=&#8221;default&#8221; animation_style=&#8221;slide&#8221; animation_direction=&#8221;bottom&#8221; global_colors_info=&#8221;{}&#8221;]<\/p>\n<p>IECI offre ai suoi clienti un&#8217;ampia gamma di servizi sui prodotti e sui suoi sistemi di termoregolazione. Dalla manutenzione alla formazione siamo accanto al cliente in tutte le fasi di sviluppo del progetto, mettendo al servizio un know how sviluppato in oltre 50 anni di esperienza.<\/p>\n<p>[\/et_pb_text][\/et_pb_column][\/et_pb_row][\/et_pb_section][et_pb_section fb_built=&#8221;1&#8243; _builder_version=&#8221;4.24.2&#8243; _module_preset=&#8221;default&#8221; custom_padding=&#8221;||||false|false&#8221; border_width_top=&#8221;1px&#8221; border_color_top=&#8221;#D6D6D6&#8243; global_colors_info=&#8221;{}&#8221;][et_pb_row _builder_version=&#8221;4.24.2&#8243; _module_preset=&#8221;default&#8221; global_colors_info=&#8221;{}&#8221;][et_pb_column type=&#8221;4_4&#8243; _builder_version=&#8221;4.24.2&#8243; _module_preset=&#8221;default&#8221; global_colors_info=&#8221;{}&#8221;][et_pb_text _builder_version=&#8221;4.27.0&#8243; _module_preset=&#8221;default&#8221; header_3_text_color=&#8221;#3FA2DB&#8221; text_orientation=&#8221;center&#8221; locked=&#8221;off&#8221; global_colors_info=&#8221;{}&#8221;]<\/p>\n<h3 class=\"p1\">I nostri Servizi<\/h3>\n<p class=\"p2\">Assistenza locale in diversi paesi<\/p>\n<p>[\/et_pb_text][\/et_pb_column][\/et_pb_row][et_pb_row column_structure=&#8221;1_3,1_3,1_3&#8243; use_custom_gutter=&#8221;on&#8221; gutter_width=&#8221;2&#8243; make_equal=&#8221;on&#8221; _builder_version=&#8221;4.24.2&#8243; _module_preset=&#8221;default&#8221; custom_padding=&#8221;0px||||false|false&#8221; global_colors_info=&#8221;{}&#8221;][et_pb_column type=&#8221;1_3&#8243; _builder_version=&#8221;4.24.2&#8243; _module_preset=&#8221;default&#8221; background_color=&#8221;#E1ECF9&#8243; animation_style=&#8221;flip&#8221; global_colors_info=&#8221;{}&#8221;][et_pb_text _builder_version=&#8221;4.24.2&#8243; _module_preset=&#8221;default&#8221; background_color=&#8221;RGBA(255,255,255,0)&#8221; custom_margin=&#8221;||||false|false&#8221; custom_padding=&#8221;50px|40px|50px|40px|true|true&#8221; global_colors_info=&#8221;{}&#8221;]<\/p>\n<h3>Manutenzione<\/h3>\n<p>Effettuiamo manutenzione e riparazione di termoregolatori, refrigeratori ed impianti di tutte le marche. Ricondizioniamo i vostri prodotti rivalorizzando tutti i singoli componenti. Il nostro servizio di assistenza qualificato \u00e8 destinato a tutti coloro che cercano persone e servizi di qualit\u00e0.<\/p>\n<p>[\/et_pb_text][et_pb_button button_url=&#8221;@ET-DC@eyJkeW5hbWljIjp0cnVlLCJjb250ZW50IjoicG9zdF9saW5rX3VybF9wYWdlIiwic2V0dGluZ3MiOnsicG9zdF9pZCI6IjIwMiJ9fQ==@&#8221; button_text=&#8221;Richiedi un preventivo&#8221; _builder_version=&#8221;4.24.3&#8243; _dynamic_attributes=&#8221;button_url&#8221; _module_preset=&#8221;default&#8221; custom_button=&#8221;on&#8221; custom_margin=&#8221;||50px|40px|false|false&#8221; global_colors_info=&#8221;{}&#8221; custom_padding__hover_enabled=&#8221;on|hover&#8221; custom_padding__hover=&#8221;&#8221;][\/et_pb_button][\/et_pb_column][et_pb_column type=&#8221;1_3&#8243; _builder_version=&#8221;4.24.2&#8243; _module_preset=&#8221;default&#8221; background_color=&#8221;#E1ECF9&#8243; animation_style=&#8221;fold&#8221; global_colors_info=&#8221;{}&#8221;][et_pb_text _builder_version=&#8221;4.24.2&#8243; _module_preset=&#8221;default&#8221; background_color=&#8221;RGBA(255,255,255,0)&#8221; custom_margin=&#8221;||||false|false&#8221; custom_padding=&#8221;50px|40px|50px|40px|true|true&#8221; global_colors_info=&#8221;{}&#8221;]<\/p>\n<h3>Servizio di cortesia<\/h3>\n<p>La continuit\u00e0 produttiva dei nostri clienti \u00e8 una prerogativa importantissima che mettiamo sempre al primo posto. In caso di interventi mirati, offriamo un servizio di cortesia con prestito gratuito di uno o pi\u00f9 termoregolatori in base alle vostre necessit\u00e0 ed esigenze; la produzione non si dovr\u00e0 mai fermare.<\/p>\n<p>[\/et_pb_text][et_pb_button button_url=&#8221;@ET-DC@eyJkeW5hbWljIjp0cnVlLCJjb250ZW50IjoicG9zdF9saW5rX3VybF9wYWdlIiwic2V0dGluZ3MiOnsicG9zdF9pZCI6IjIwMiJ9fQ==@&#8221; button_text=&#8221;Richiedi un preventivo&#8221; _builder_version=&#8221;4.24.3&#8243; _dynamic_attributes=&#8221;button_url&#8221; _module_preset=&#8221;default&#8221; custom_button=&#8221;on&#8221; custom_margin=&#8221;||50px|40px|false|false&#8221; locked=&#8221;off&#8221; global_colors_info=&#8221;{}&#8221; custom_padding__hover_enabled=&#8221;on|hover&#8221; custom_padding__hover=&#8221;&#8221;][\/et_pb_button][\/et_pb_column][et_pb_column type=&#8221;1_3&#8243; _builder_version=&#8221;4.24.2&#8243; _module_preset=&#8221;default&#8221; background_color=&#8221;#E1ECF9&#8243; animation_style=&#8221;fold&#8221; global_colors_info=&#8221;{}&#8221;][et_pb_text _builder_version=&#8221;4.24.2&#8243; _module_preset=&#8221;default&#8221; background_color=&#8221;RGBA(255,255,255,0)&#8221; custom_margin=&#8221;||||false|false&#8221; custom_padding=&#8221;50px|40px|50px|40px|true|true&#8221; global_colors_info=&#8221;{}&#8221;]<\/p>\n<h3>Usato garantito<\/h3>\n<p>Vendiamo Termoregolatori IECI usati e ricondizionati a nuovo dai nostri professionisti interni. Un vantaggio economico senza rinunciare alla qualit\u00e0 dei prodotti e servizi IECI. Anche sui prodotti revisionati \u00e8 possibile attivare i servizi di manutenzione e assistenza on-site per una continuit\u00e0 lavorativa garantita.<\/p>\n<p>[\/et_pb_text][et_pb_button button_url=&#8221;@ET-DC@eyJkeW5hbWljIjp0cnVlLCJjb250ZW50IjoicG9zdF9saW5rX3VybF9wYWdlIiwic2V0dGluZ3MiOnsicG9zdF9pZCI6IjIwMiJ9fQ==@&#8221; button_text=&#8221;Richiedi un preventivo&#8221; _builder_version=&#8221;4.24.3&#8243; _dynamic_attributes=&#8221;button_url&#8221; _module_preset=&#8221;default&#8221; custom_button=&#8221;on&#8221; custom_margin=&#8221;||50px|40px|false|false&#8221; locked=&#8221;off&#8221; global_colors_info=&#8221;{}&#8221; custom_padding__hover_enabled=&#8221;on|hover&#8221; custom_padding__hover=&#8221;&#8221;][\/et_pb_button][\/et_pb_column][\/et_pb_row][et_pb_row column_structure=&#8221;1_3,1_3,1_3&#8243; use_custom_gutter=&#8221;on&#8221; gutter_width=&#8221;2&#8243; make_equal=&#8221;on&#8221; _builder_version=&#8221;4.24.2&#8243; _module_preset=&#8221;default&#8221; custom_padding=&#8221;0px||0px||false|false&#8221; global_colors_info=&#8221;{}&#8221;][et_pb_column type=&#8221;1_3&#8243; _builder_version=&#8221;4.24.2&#8243; _module_preset=&#8221;default&#8221; background_color=&#8221;#E1ECF9&#8243; animation_style=&#8221;flip&#8221; global_colors_info=&#8221;{}&#8221;][et_pb_text _builder_version=&#8221;4.24.2&#8243; _module_preset=&#8221;default&#8221; background_color=&#8221;RGBA(255,255,255,0)&#8221; custom_margin=&#8221;||||false|false&#8221; custom_padding=&#8221;50px|40px|50px|40px|true|true&#8221; global_colors_info=&#8221;{}&#8221;]<\/p>\n<h3>Noleggio<\/h3>\n<p>Offriamo servizi di noleggio di Termoregolatori con un piano di copertura \u201cALL INCLUSIVE\u201d, che comprende assistenza e manutenzioni on-site. Piccole rate per un servizio che garantisce massima efficienza ed affidabilit\u00e0.<\/p>\n<p>[\/et_pb_text][et_pb_button button_url=&#8221;@ET-DC@eyJkeW5hbWljIjp0cnVlLCJjb250ZW50IjoicG9zdF9saW5rX3VybF9wYWdlIiwic2V0dGluZ3MiOnsicG9zdF9pZCI6IjIwMiJ9fQ==@&#8221; button_text=&#8221;Richiedi un preventivo&#8221; _builder_version=&#8221;4.24.3&#8243; _dynamic_attributes=&#8221;button_url&#8221; _module_preset=&#8221;default&#8221; custom_button=&#8221;on&#8221; custom_margin=&#8221;||50px|40px|false|false&#8221; locked=&#8221;off&#8221; global_colors_info=&#8221;{}&#8221; custom_padding__hover_enabled=&#8221;on|hover&#8221; custom_padding__hover=&#8221;&#8221;][\/et_pb_button][\/et_pb_column][et_pb_column type=&#8221;1_3&#8243; _builder_version=&#8221;4.24.2&#8243; _module_preset=&#8221;default&#8221; background_color=&#8221;#E1ECF9&#8243; animation_style=&#8221;fold&#8221; global_colors_info=&#8221;{}&#8221;][et_pb_text _builder_version=&#8221;4.24.2&#8243; _module_preset=&#8221;default&#8221; background_color=&#8221;RGBA(255,255,255,0)&#8221; custom_margin=&#8221;||||false|false&#8221; custom_padding=&#8221;50px|40px|50px|40px|true|true&#8221; global_colors_info=&#8221;{}&#8221;]<\/p>\n<h3>Formazione<\/h3>\n<p>Accanto ad un\u2019assistenza in tutte le fasi di sviluppo del progetto, garantiamo sempre una formazione sulla termoregolazione e sull\u2019utilizzo delle nostre macchine. Tecnici ed esperti affiancheranno un\u2019introduzione teorica ad installazioni \u201csul posto\u201d per introdurre i clienti e gli utilizzatori al mondo IECI.<\/p>\n<p>[\/et_pb_text][et_pb_button button_url=&#8221;@ET-DC@eyJkeW5hbWljIjp0cnVlLCJjb250ZW50IjoicG9zdF9saW5rX3VybF9wYWdlIiwic2V0dGluZ3MiOnsicG9zdF9pZCI6IjIwMiJ9fQ==@&#8221; button_text=&#8221;Contattaci &#8221; _builder_version=&#8221;4.24.3&#8243; _dynamic_attributes=&#8221;button_url&#8221; _module_preset=&#8221;default&#8221; custom_button=&#8221;on&#8221; custom_margin=&#8221;||50px|40px|false|false&#8221; global_colors_info=&#8221;{}&#8221; custom_padding__hover_enabled=&#8221;on|hover&#8221; custom_padding__hover=&#8221;&#8221;][\/et_pb_button][\/et_pb_column][et_pb_column type=&#8221;1_3&#8243; _builder_version=&#8221;4.24.2&#8243; _module_preset=&#8221;default&#8221; background_color=&#8221;#082B56&#8243; background_image=&#8221;https:\/\/www.iecionline.com\/wp-content\/uploads\/2024\/03\/ieci-banner-02.jpg&#8221; animation_style=&#8221;fold&#8221; global_colors_info=&#8221;{}&#8221;][et_pb_text _builder_version=&#8221;4.27.4&#8243; _module_preset=&#8221;default&#8221; text_text_color=&#8221;#FFFFFF&#8221; header_3_text_color=&#8221;#FFFFFF&#8221; background_color=&#8221;RGBA(255,255,255,0)&#8221; custom_margin=&#8221;||||false|false&#8221; custom_padding=&#8221;50px|40px|50px|40px|true|true&#8221; global_colors_info=&#8221;{}&#8221;]<\/p>\n<h3>Assistenza Worldwide<\/h3>\n<p>Ovunque siate, noi vi raggiungiamo. Tutti i nostri servizi sono garantiti in ogni parte del mondo: installazioni, startup, formazione e manutenzioni on-site verranno effettuate in tutti i continenti. Se avete bisogno di aiuto telefonico, il nostro ufficio estero pu\u00f2 garantire comunicazioni live in inglese, francese, tedesco ed italiano.<\/p>\n<p>[\/et_pb_text][et_pb_button button_url=&#8221;@ET-DC@eyJkeW5hbWljIjp0cnVlLCJjb250ZW50IjoicG9zdF9saW5rX3VybF9wYWdlIiwic2V0dGluZ3MiOnsicG9zdF9pZCI6IjkyMSJ9fQ==@&#8221; button_text=&#8221;Richiedi assistenza &#8221; _builder_version=&#8221;4.27.3&#8243; _dynamic_attributes=&#8221;button_url&#8221; _module_preset=&#8221;default&#8221; custom_button=&#8221;on&#8221; button_text_color=&#8221;#FFFFFF&#8221; button_icon_color=&#8221;#FFFFFF&#8221; custom_margin=&#8221;||50px|40px|false|false&#8221; global_colors_info=&#8221;{}&#8221; custom_padding__hover_enabled=&#8221;on|hover&#8221; custom_padding__hover=&#8221;&#8221;][\/et_pb_button][\/et_pb_column][\/et_pb_row][\/et_pb_section][et_pb_section fb_built=&#8221;1&#8243; _builder_version=&#8221;4.24.2&#8243; _module_preset=&#8221;default&#8221; custom_padding=&#8221;0px||20px||false|false&#8221; locked=&#8221;off&#8221; global_colors_info=&#8221;{}&#8221;][et_pb_row column_structure=&#8221;1_2,1_2&#8243; use_custom_gutter=&#8221;on&#8221; make_equal=&#8221;on&#8221; _builder_version=&#8221;4.27.4&#8243; _module_preset=&#8221;default&#8221; background_color=&#8221;#082B56&#8243; width=&#8221;100%&#8221; max_width=&#8221;100%&#8221; custom_padding=&#8221;0px||0px||false|false&#8221; hover_enabled=&#8221;0&#8243; global_colors_info=&#8221;{}&#8221; sticky_enabled=&#8221;0&#8243;][et_pb_column type=&#8221;1_2&#8243; _builder_version=&#8221;4.27.4&#8243; _module_preset=&#8221;default&#8221; background_image=&#8221;https:\/\/www.iecionline.com\/wp-content\/uploads\/2025\/11\/foto-nuova-sede-scaled.jpg&#8221; custom_padding=&#8221;150px||150px||true|false&#8221; hover_enabled=&#8221;0&#8243; global_colors_info=&#8221;{}&#8221; alt=&#8221;foto nuova sede&#8221; title_text=&#8221;foto nuova sede&#8221; sticky_enabled=&#8221;0&#8243;][\/et_pb_column][et_pb_column type=&#8221;1_2&#8243; _builder_version=&#8221;4.24.2&#8243; _module_preset=&#8221;default&#8221; custom_padding=&#8221;100px|200px|100px||true|false&#8221; custom_padding_tablet=&#8221;70px|100px|70px|100px|true|false&#8221; custom_padding_phone=&#8221;50px|50px|50px|50px|true|true&#8221; custom_padding_last_edited=&#8221;on|phone&#8221; custom_css_main_element=&#8221;margin:auto&#8221; global_colors_info=&#8221;{}&#8221;][et_pb_text _builder_version=&#8221;4.24.2&#8243; _module_preset=&#8221;default&#8221; text_text_color=&#8221;#FFFFFF&#8221; header_3_text_color=&#8221;#3FA2DB&#8221; animation_style=&#8221;fold&#8221; global_colors_info=&#8221;{}&#8221;]<\/p>\n<h3>Termoregolatori e controllo di temperatura<\/h3>\n<p><span style=\"color: #3fa2db;\"><strong>Produciamo termoregolatori per tutte le applicazioni ma la nostra parola d\u2019ordine \u00e8 PERSONALIZZAZIONE.<\/strong><\/span><\/p>\n<p>Aumentiamo e massimizziamo il processo produttivo del cliente attraverso la creazione, su misura, del termoregolatore pi\u00f9 adatto alla specifica applicazione. Con l\u2019acqua pressurizzata fino a 200 \u00b0C e l\u2019olio diatermico fino a 350 \u00b0C, possiamo controllare la temperatura con la pi\u00f9 alta precisione possibile. Stampi in pressofusione e plastica, pistoni e contenitori; l\u2019intera isola \u00e8 sotto continuo controllo.\u00a0<\/p>\n<p>[\/et_pb_text][et_pb_button button_url=&#8221;@ET-DC@eyJkeW5hbWljIjp0cnVlLCJjb250ZW50IjoicG9zdF9saW5rX3VybF9wYWdlIiwic2V0dGluZ3MiOnsicG9zdF9pZCI6IjIwMiJ9fQ==@&#8221; button_text=&#8221;Contattaci &#8221; _builder_version=&#8221;4.24.3&#8243; _dynamic_attributes=&#8221;button_url&#8221; _module_preset=&#8221;default&#8221; custom_button=&#8221;on&#8221; button_text_color=&#8221;#3FA2DB&#8221; button_icon_color=&#8221;#3FA2DB&#8221; locked=&#8221;off&#8221; global_colors_info=&#8221;{}&#8221; custom_padding__hover_enabled=&#8221;on|hover&#8221; custom_padding__hover=&#8221;&#8221;][\/et_pb_button][\/et_pb_column][\/et_pb_row][\/et_pb_section]<\/p>\n","protected":false},"excerpt":{"rendered":"<p>Grazie a pi\u00f9 di 50 anni di esperienza offriamo soluzioni su misura e studiamo insieme al cliente le migliori condizioni per ottimizzare il processo di produzione.I nostri ServiziIl tuo partner nella TermoregolazioneIECI offre ai suoi clienti un&#8217;ampia gamma di servizi sui prodotti e sui suoi sistemi di termoregolazione. Dalla manutenzione alla formazione siamo accanto al cliente in tutte le fasi di sviluppo del progetto, mettendo al servizio un know how sviluppato in oltre 50 anni di esperienza.I nostri Servizi Assistenza locale in diversi paesiManutenzione Effettuiamo manutenzione e riparazione di termoregolatori, refrigeratori ed impianti di tutte le marche. Ricondizioniamo i vostri prodotti rivalorizzando tutti i singoli componenti. Il nostro servizio di assistenza qualificato \u00e8 destinato a tutti coloro che cercano persone e servizi di qualit\u00e0.Servizio di cortesia La continuit\u00e0 produttiva dei nostri clienti \u00e8 una prerogativa importantissima che mettiamo sempre al primo posto. In caso di interventi mirati, offriamo un servizio di cortesia con prestito gratuito di uno o pi\u00f9 termoregolatori in base alle vostre necessit\u00e0 ed esigenze; la produzione non si dovr\u00e0 mai fermare.Usato garantito Vendiamo Termoregolatori IECI usati e ricondizionati a nuovo dai nostri professionisti interni. Un vantaggio economico senza rinunciare alla qualit\u00e0 dei prodotti e servizi IECI. Anche [&hellip;]<\/p>\n","protected":false},"author":6,"featured_media":0,"parent":0,"menu_order":0,"comment_status":"closed","ping_status":"closed","template":"","meta":{"_acf_changed":false,"_et_pb_use_builder":"on","_et_pb_old_content":"","_et_gb_content_width":"","footnotes":""},"class_list":["post-116","page","type-page","status-publish","hentry"],"acf":[],"yoast_head":"<!-- This site is optimized with the Yoast SEO plugin v27.3 - https:\/\/yoast.com\/product\/yoast-seo-wordpress\/ -->\n<title>I nostri Servizi per la Termoregolazione | IECI Srl<\/title>\n<meta name=\"description\" content=\"IECI Srl offre servizi di termoregolazione per pressofusione, inclusi assistenza globale, manutenzione, noleggio e usato garantito.\" \/>\n<meta name=\"robots\" content=\"index, follow, max-snippet:-1, max-image-preview:large, max-video-preview:-1\" \/>\n<link rel=\"canonical\" href=\"https:\/\/www.iecionline.com\/it\/servizi\/\" \/>\n<meta property=\"og:locale\" content=\"it_IT\" \/>\n<meta property=\"og:type\" content=\"article\" \/>\n<meta property=\"og:title\" content=\"I nostri Servizi per la Termoregolazione | IECI Srl\" \/>\n<meta property=\"og:description\" content=\"IECI Srl offre servizi di termoregolazione per pressofusione, inclusi assistenza globale, manutenzione, noleggio e usato garantito.\" \/>\n<meta property=\"og:url\" content=\"https:\/\/www.iecionline.com\/it\/servizi\/\" \/>\n<meta property=\"og:site_name\" content=\"IECI SRL\" \/>\n<meta property=\"article:modified_time\" content=\"2025-11-28T13:54:14+00:00\" \/>\n<meta name=\"twitter:card\" content=\"summary_large_image\" \/>\n<meta name=\"twitter:label1\" content=\"Tempo di lettura stimato\" \/>\n\t<meta name=\"twitter:data1\" content=\"3 minuti\" \/>\n<script type=\"application\/ld+json\" class=\"yoast-schema-graph\">{\"@context\":\"https:\\\/\\\/schema.org\",\"@graph\":[{\"@type\":\"WebPage\",\"@id\":\"https:\\\/\\\/www.iecionline.com\\\/it\\\/servizi\\\/\",\"url\":\"https:\\\/\\\/www.iecionline.com\\\/it\\\/servizi\\\/\",\"name\":\"I nostri Servizi per la Termoregolazione | IECI Srl\",\"isPartOf\":{\"@id\":\"https:\\\/\\\/www.iecionline.com\\\/it\\\/#website\"},\"datePublished\":\"2024-03-28T10:11:20+00:00\",\"dateModified\":\"2025-11-28T13:54:14+00:00\",\"description\":\"IECI Srl offre servizi di termoregolazione per pressofusione, inclusi assistenza globale, manutenzione, noleggio e usato garantito.\",\"breadcrumb\":{\"@id\":\"https:\\\/\\\/www.iecionline.com\\\/it\\\/servizi\\\/#breadcrumb\"},\"inLanguage\":\"it-IT\",\"potentialAction\":[{\"@type\":\"ReadAction\",\"target\":[\"https:\\\/\\\/www.iecionline.com\\\/it\\\/servizi\\\/\"]}]},{\"@type\":\"BreadcrumbList\",\"@id\":\"https:\\\/\\\/www.iecionline.com\\\/it\\\/servizi\\\/#breadcrumb\",\"itemListElement\":[{\"@type\":\"ListItem\",\"position\":1,\"name\":\"Home\",\"item\":\"https:\\\/\\\/www.iecionline.com\\\/it\\\/\"},{\"@type\":\"ListItem\",\"position\":2,\"name\":\"Servizi\"}]},{\"@type\":\"WebSite\",\"@id\":\"https:\\\/\\\/www.iecionline.com\\\/it\\\/#website\",\"url\":\"https:\\\/\\\/www.iecionline.com\\\/it\\\/\",\"name\":\"IECI SRL\",\"description\":\"Termoregolatori acqua \\\/ olio per stampi\",\"potentialAction\":[{\"@type\":\"SearchAction\",\"target\":{\"@type\":\"EntryPoint\",\"urlTemplate\":\"https:\\\/\\\/www.iecionline.com\\\/it\\\/?s={search_term_string}\"},\"query-input\":{\"@type\":\"PropertyValueSpecification\",\"valueRequired\":true,\"valueName\":\"search_term_string\"}}],\"inLanguage\":\"it-IT\"}]}<\/script>\n<!-- \/ Yoast SEO plugin. -->","yoast_head_json":{"title":"I nostri Servizi per la Termoregolazione | IECI Srl","description":"IECI Srl offre servizi di termoregolazione per pressofusione, inclusi assistenza globale, manutenzione, noleggio e usato garantito.","robots":{"index":"index","follow":"follow","max-snippet":"max-snippet:-1","max-image-preview":"max-image-preview:large","max-video-preview":"max-video-preview:-1"},"canonical":"https:\/\/www.iecionline.com\/it\/servizi\/","og_locale":"it_IT","og_type":"article","og_title":"I nostri Servizi per la Termoregolazione | IECI Srl","og_description":"IECI Srl offre servizi di termoregolazione per pressofusione, inclusi assistenza globale, manutenzione, noleggio e usato garantito.","og_url":"https:\/\/www.iecionline.com\/it\/servizi\/","og_site_name":"IECI SRL","article_modified_time":"2025-11-28T13:54:14+00:00","twitter_card":"summary_large_image","twitter_misc":{"Tempo di lettura stimato":"3 minuti"},"schema":{"@context":"https:\/\/schema.org","@graph":[{"@type":"WebPage","@id":"https:\/\/www.iecionline.com\/it\/servizi\/","url":"https:\/\/www.iecionline.com\/it\/servizi\/","name":"I nostri Servizi per la Termoregolazione | IECI Srl","isPartOf":{"@id":"https:\/\/www.iecionline.com\/it\/#website"},"datePublished":"2024-03-28T10:11:20+00:00","dateModified":"2025-11-28T13:54:14+00:00","description":"IECI Srl offre servizi di termoregolazione per pressofusione, inclusi assistenza globale, manutenzione, noleggio e usato garantito.","breadcrumb":{"@id":"https:\/\/www.iecionline.com\/it\/servizi\/#breadcrumb"},"inLanguage":"it-IT","potentialAction":[{"@type":"ReadAction","target":["https:\/\/www.iecionline.com\/it\/servizi\/"]}]},{"@type":"BreadcrumbList","@id":"https:\/\/www.iecionline.com\/it\/servizi\/#breadcrumb","itemListElement":[{"@type":"ListItem","position":1,"name":"Home","item":"https:\/\/www.iecionline.com\/it\/"},{"@type":"ListItem","position":2,"name":"Servizi"}]},{"@type":"WebSite","@id":"https:\/\/www.iecionline.com\/it\/#website","url":"https:\/\/www.iecionline.com\/it\/","name":"IECI SRL","description":"Termoregolatori acqua \/ olio per stampi","potentialAction":[{"@type":"SearchAction","target":{"@type":"EntryPoint","urlTemplate":"https:\/\/www.iecionline.com\/it\/?s={search_term_string}"},"query-input":{"@type":"PropertyValueSpecification","valueRequired":true,"valueName":"search_term_string"}}],"inLanguage":"it-IT"}]}},"_links":{"self":[{"href":"https:\/\/www.iecionline.com\/it\/wp-json\/wp\/v2\/pages\/116","targetHints":{"allow":["GET"]}}],"collection":[{"href":"https:\/\/www.iecionline.com\/it\/wp-json\/wp\/v2\/pages"}],"about":[{"href":"https:\/\/www.iecionline.com\/it\/wp-json\/wp\/v2\/types\/page"}],"author":[{"embeddable":true,"href":"https:\/\/www.iecionline.com\/it\/wp-json\/wp\/v2\/users\/6"}],"replies":[{"embeddable":true,"href":"https:\/\/www.iecionline.com\/it\/wp-json\/wp\/v2\/comments?post=116"}],"version-history":[{"count":14,"href":"https:\/\/www.iecionline.com\/it\/wp-json\/wp\/v2\/pages\/116\/revisions"}],"predecessor-version":[{"id":3100,"href":"https:\/\/www.iecionline.com\/it\/wp-json\/wp\/v2\/pages\/116\/revisions\/3100"}],"wp:attachment":[{"href":"https:\/\/www.iecionline.com\/it\/wp-json\/wp\/v2\/media?parent=116"}],"curies":[{"name":"wp","href":"https:\/\/api.w.org\/{rel}","templated":true}]}}